{"id":570,"date":"2023-02-15T16:37:45","date_gmt":"2023-02-15T15:37:45","guid":{"rendered":"https:\/\/www.toldosclot.com\/botiga-de-parasoles-en-barcelona\/"},"modified":"2023-04-27T13:57:42","modified_gmt":"2023-04-27T11:57:42","slug":"botiga-de-para-sols-en-barcelona","status":"publish","type":"page","link":"https:\/\/www.toldosclot.com\/ca\/botiga-de-para-sols-en-barcelona\/","title":{"rendered":"Para-sols"},"content":{"rendered":"","protected":false},"excerpt":{"rendered":"","protected":false},"author":1,"featured_media":0,"parent":0,"menu_order":0,"comment_status":"closed","ping_status":"closed","template":"","meta":{"footnotes":""},"class_list":["post-570","page","type-page","status-publish","hentry"],"yoast_head":"<!-- This site is optimized with the Yoast SEO plugin v27.4 - https:\/\/yoast.com\/product\/yoast-seo-wordpress\/ -->\n<title>TENDALS CLOT | Venda, fabricaci\u00f3 i instal\u00b7laci\u00f3 de para-sols | Botiga a Barcelona<\/title>\n<meta name=\"description\" content=\"T&#039;oferim para-sols de diferents mides i formes per trobar la soluci\u00f3 m\u00e9s adequada al cobriment de la teva terrassa, jard\u00ed o piscina.\" \/>\n<meta name=\"robots\" content=\"index, follow, max-snippet:-1, max-image-preview:large, max-video-preview:-1\" \/>\n<link rel=\"canonical\" href=\"https:\/\/www.toldosclot.com\/ca\/botiga-de-para-sols-en-barcelona\/\" \/>\n<meta property=\"og:locale\" content=\"ca_ES\" \/>\n<meta property=\"og:type\" content=\"article\" \/>\n<meta property=\"og:title\" content=\"TENDALS CLOT | Venda, fabricaci\u00f3 i instal\u00b7laci\u00f3 de para-sols | Botiga a Barcelona\" \/>\n<meta property=\"og:description\" content=\"T&#039;oferim para-sols de diferents mides i formes per trobar la soluci\u00f3 m\u00e9s adequada al cobriment de la teva terrassa, jard\u00ed o piscina.\" \/>\n<meta property=\"og:url\" content=\"https:\/\/www.toldosclot.com\/ca\/botiga-de-para-sols-en-barcelona\/\" \/>\n<meta property=\"og:site_name\" content=\"TOLDOS CLOT\" \/>\n<meta property=\"article:modified_time\" content=\"2023-04-27T11:57:42+00:00\" \/>\n<meta name=\"twitter:card\" content=\"summary_large_image\" \/>\n<script type=\"application\/ld+json\" class=\"yoast-schema-graph\">{\"@context\":\"https:\\\/\\\/schema.org\",\"@graph\":[{\"@type\":\"WebPage\",\"@id\":\"https:\\\/\\\/www.toldosclot.com\\\/ca\\\/botiga-de-para-sols-en-barcelona\\\/\",\"url\":\"https:\\\/\\\/www.toldosclot.com\\\/ca\\\/botiga-de-para-sols-en-barcelona\\\/\",\"name\":\"TENDALS CLOT | Venda, fabricaci\u00f3 i instal\u00b7laci\u00f3 de para-sols | Botiga a Barcelona\",\"isPartOf\":{\"@id\":\"https:\\\/\\\/www.toldosclot.com\\\/#website\"},\"datePublished\":\"2023-02-15T15:37:45+00:00\",\"dateModified\":\"2023-04-27T11:57:42+00:00\",\"description\":\"T'oferim para-sols de diferents mides i formes per trobar la soluci\u00f3 m\u00e9s adequada al cobriment de la teva terrassa, jard\u00ed o piscina.\",\"breadcrumb\":{\"@id\":\"https:\\\/\\\/www.toldosclot.com\\\/ca\\\/botiga-de-para-sols-en-barcelona\\\/#breadcrumb\"},\"inLanguage\":\"ca\",\"potentialAction\":[{\"@type\":\"ReadAction\",\"target\":[\"https:\\\/\\\/www.toldosclot.com\\\/ca\\\/botiga-de-para-sols-en-barcelona\\\/\"]}]},{\"@type\":\"BreadcrumbList\",\"@id\":\"https:\\\/\\\/www.toldosclot.com\\\/ca\\\/botiga-de-para-sols-en-barcelona\\\/#breadcrumb\",\"itemListElement\":[{\"@type\":\"ListItem\",\"position\":1,\"name\":\"Portada\",\"item\":\"https:\\\/\\\/www.toldosclot.com\\\/ca\\\/\"},{\"@type\":\"ListItem\",\"position\":2,\"name\":\"Para-sols\"}]},{\"@type\":\"WebSite\",\"@id\":\"https:\\\/\\\/www.toldosclot.com\\\/#website\",\"url\":\"https:\\\/\\\/www.toldosclot.com\\\/\",\"name\":\"TOLDOS CLOT\",\"description\":\"M\u00e1s de 30 a\u00f1os de experiencia\",\"potentialAction\":[{\"@type\":\"SearchAction\",\"target\":{\"@type\":\"EntryPoint\",\"urlTemplate\":\"https:\\\/\\\/www.toldosclot.com\\\/?s={search_term_string}\"},\"query-input\":{\"@type\":\"PropertyValueSpecification\",\"valueRequired\":true,\"valueName\":\"search_term_string\"}}],\"inLanguage\":\"ca\"}]}<\/script>\n<!-- \/ Yoast SEO plugin. -->","yoast_head_json":{"title":"TENDALS CLOT | Venda, fabricaci\u00f3 i instal\u00b7laci\u00f3 de para-sols | Botiga a Barcelona","description":"T'oferim para-sols de diferents mides i formes per trobar la soluci\u00f3 m\u00e9s adequada al cobriment de la teva terrassa, jard\u00ed o piscina.","robots":{"index":"index","follow":"follow","max-snippet":"max-snippet:-1","max-image-preview":"max-image-preview:large","max-video-preview":"max-video-preview:-1"},"canonical":"https:\/\/www.toldosclot.com\/ca\/botiga-de-para-sols-en-barcelona\/","og_locale":"ca_ES","og_type":"article","og_title":"TENDALS CLOT | Venda, fabricaci\u00f3 i instal\u00b7laci\u00f3 de para-sols | Botiga a Barcelona","og_description":"T'oferim para-sols de diferents mides i formes per trobar la soluci\u00f3 m\u00e9s adequada al cobriment de la teva terrassa, jard\u00ed o piscina.","og_url":"https:\/\/www.toldosclot.com\/ca\/botiga-de-para-sols-en-barcelona\/","og_site_name":"TOLDOS CLOT","article_modified_time":"2023-04-27T11:57:42+00:00","twitter_card":"summary_large_image","schema":{"@context":"https:\/\/schema.org","@graph":[{"@type":"WebPage","@id":"https:\/\/www.toldosclot.com\/ca\/botiga-de-para-sols-en-barcelona\/","url":"https:\/\/www.toldosclot.com\/ca\/botiga-de-para-sols-en-barcelona\/","name":"TENDALS CLOT | Venda, fabricaci\u00f3 i instal\u00b7laci\u00f3 de para-sols | Botiga a Barcelona","isPartOf":{"@id":"https:\/\/www.toldosclot.com\/#website"},"datePublished":"2023-02-15T15:37:45+00:00","dateModified":"2023-04-27T11:57:42+00:00","description":"T'oferim para-sols de diferents mides i formes per trobar la soluci\u00f3 m\u00e9s adequada al cobriment de la teva terrassa, jard\u00ed o piscina.","breadcrumb":{"@id":"https:\/\/www.toldosclot.com\/ca\/botiga-de-para-sols-en-barcelona\/#breadcrumb"},"inLanguage":"ca","potentialAction":[{"@type":"ReadAction","target":["https:\/\/www.toldosclot.com\/ca\/botiga-de-para-sols-en-barcelona\/"]}]},{"@type":"BreadcrumbList","@id":"https:\/\/www.toldosclot.com\/ca\/botiga-de-para-sols-en-barcelona\/#breadcrumb","itemListElement":[{"@type":"ListItem","position":1,"name":"Portada","item":"https:\/\/www.toldosclot.com\/ca\/"},{"@type":"ListItem","position":2,"name":"Para-sols"}]},{"@type":"WebSite","@id":"https:\/\/www.toldosclot.com\/#website","url":"https:\/\/www.toldosclot.com\/","name":"TOLDOS CLOT","description":"M\u00e1s de 30 a\u00f1os de experiencia","potentialAction":[{"@type":"SearchAction","target":{"@type":"EntryPoint","urlTemplate":"https:\/\/www.toldosclot.com\/?s={search_term_string}"},"query-input":{"@type":"PropertyValueSpecification","valueRequired":true,"valueName":"search_term_string"}}],"inLanguage":"ca"}]}},"_links":{"self":[{"href":"https:\/\/www.toldosclot.com\/ca\/wp-json\/wp\/v2\/pages\/570","targetHints":{"allow":["GET"]}}],"collection":[{"href":"https:\/\/www.toldosclot.com\/ca\/wp-json\/wp\/v2\/pages"}],"about":[{"href":"https:\/\/www.toldosclot.com\/ca\/wp-json\/wp\/v2\/types\/page"}],"author":[{"embeddable":true,"href":"https:\/\/www.toldosclot.com\/ca\/wp-json\/wp\/v2\/users\/1"}],"replies":[{"embeddable":true,"href":"https:\/\/www.toldosclot.com\/ca\/wp-json\/wp\/v2\/comments?post=570"}],"version-history":[{"count":1,"href":"https:\/\/www.toldosclot.com\/ca\/wp-json\/wp\/v2\/pages\/570\/revisions"}],"predecessor-version":[{"id":593,"href":"https:\/\/www.toldosclot.com\/ca\/wp-json\/wp\/v2\/pages\/570\/revisions\/593"}],"wp:attachment":[{"href":"https:\/\/www.toldosclot.com\/ca\/wp-json\/wp\/v2\/media?parent=570"}],"curies":[{"name":"wp","href":"https:\/\/api.w.org\/{rel}","templated":true}]}}